{"id":98,"date":"2024-05-03T10:03:12","date_gmt":"2024-05-03T10:03:12","guid":{"rendered":"https:\/\/sami-marketing.tempurl.host\/panantukan\/?page_id=98"},"modified":"2025-03-24T17:57:53","modified_gmt":"2025-03-24T17:57:53","slug":"panantukan","status":"publish","type":"page","link":"https:\/\/panantukan-concept.com\/de\/panantukan\/","title":{"rendered":"Panantukan"},"content":{"rendered":"<div data-elementor-type=\"wp-page\" data-elementor-id=\"98\" class=\"elementor elementor-98\" data-elementor-post-type=\"page\">\n\t\t\t\t<div class=\"elementor-element elementor-element-3711e17 e-con-full e-flex e-con e-parent\" data-id=\"3711e17\" data-element_type=\"container\" data-settings=\"{&quot;background_background&quot;:&quot;classic&quot;}\">\n\t\t\t\t<div class=\"elementor-element elementor-element-8329a7d elementor-widget elementor-widget-heading\" data-id=\"8329a7d\" data-element_type=\"widget\" data-widget_type=\"heading.default\">\n\t\t\t\t<div class=\"elementor-widget-container\">\n\t\t\t\t\t<h2 class=\"elementor-heading-title elementor-size-default\">SAMI-X KAMPFKUNST<\/h2>\t\t\t\t<\/div>\n\t\t\t\t<\/div>\n\t\t\t\t<div class=\"elementor-element elementor-element-a0fe242 elementor-widget elementor-widget-heading\" data-id=\"a0fe242\" data-element_type=\"widget\" data-widget_type=\"heading.default\">\n\t\t\t\t<div class=\"elementor-widget-container\">\n\t\t\t\t\t<h2 class=\"elementor-heading-title elementor-size-default\">Panantukan<\/h2>\t\t\t\t<\/div>\n\t\t\t\t<\/div>\n\t\t\t\t<\/div>\n\t\t<div class=\"elementor-element elementor-element-a1dc36b e-flex e-con-boxed e-con e-parent\" data-id=\"a1dc36b\" data-element_type=\"container\">\n\t\t\t\t\t<div class=\"e-con-inner\">\n\t\t<div class=\"elementor-element elementor-element-d945c1f e-flex e-con-boxed e-con e-child\" data-id=\"d945c1f\" data-element_type=\"container\">\n\t\t\t\t\t<div class=\"e-con-inner\">\n\t\t\t\t<div class=\"elementor-element elementor-element-3daadb7 elementor-widget elementor-widget-heading\" data-id=\"3daadb7\" data-element_type=\"widget\" data-widget_type=\"heading.default\">\n\t\t\t\t<div class=\"elementor-widget-container\">\n\t\t\t\t\t<h2 class=\"elementor-heading-title elementor-size-default\">Panantukan<\/h2>\t\t\t\t<\/div>\n\t\t\t\t<\/div>\n\t\t\t\t<div class=\"elementor-element elementor-element-f96821e elementor-widget elementor-widget-text-editor\" data-id=\"f96821e\" data-element_type=\"widget\" data-widget_type=\"text-editor.default\">\n\t\t\t\t<div class=\"elementor-widget-container\">\n\t\t\t\t\t\t\t\t\t<p>nutzt alle Distanzen: Boxen, Kickboxen, Fallenstellen, Infight, Takedown und Grappling.<\/p><p>SAMI Panantukan Concept ist ein Kampfsystem ohne Grenzen. Es beinhaltet Techniken wie Schl\u00e4ge mit den F\u00e4usten und den Handfl\u00e4chen, den Unterarmen und den Ellbogen, Kniest\u00f6\u00dfe, Tritte, Schl\u00e4ge auf die Augen und Ohren, Stangen, Quetschen, Ziehen und Schieben des Gegners und Techniken, um das Gleichgewicht des Gegners zu st\u00f6ren. Eine Besonderheit des SAMI Panantukan Konzepts ist der Versuch, den angreifenden Arm oder das Bein des Gegners zu schw\u00e4chen (durch Brechen oder Ausrenken), um sich Vorteile zu verschaffen.<\/p><p>Das Training beinhaltet nicht nur die technische Ausbildung, sondern definiert sich auch durch seine Effektivit\u00e4t, Geschwindigkeit, Dynamik, Timing, Pr\u00e4zision und seinen typischen Handlungsablauf.  Anders als beim Wettkampfboxen und Kickboxen wird beim Street Boxing der ganze K\u00f6rper als Waffe eingesetzt, was seine eigene, eigenst\u00e4ndige Identit\u00e4t erkl\u00e4rt. Wir trainieren mit oder ohne Boxhandschuhe, was f\u00fcr das Selbstverteidigungstraining besonders attraktiv ist.<\/p><p>SAMI COMBAT SYSTEMS - vertritt Panantukan Concept International. Unsere Aufgabe ist es, das Panantukan-Konzept auf der ganzen Welt mit der besten Qualit\u00e4t und auf dem h\u00f6chsten technischen Niveau zu f\u00f6rdern und zu verbreiten.  Unsere Organisation ist derzeit in \u00d6sterreich, Spanien, Griechenland und der Schweiz vertreten. Wir bieten au\u00dfergew\u00f6hnlich gut strukturierte Trainingsprogramme f\u00fcr Menschen an, die einen Hintergrund und ein tiefgehendes Wissen im Panantukan-Konzept entwickeln m\u00f6chten. Unsere Instruktoren m\u00fcssen eine gr\u00fcndliche Ausbildung absolvieren: technisches Fachwissen, Fertigkeitstraining und Didaktik des Messerkampfes. Unser Motto ist: \"Gut ist nicht gut genug!\"<\/p>\t\t\t\t\t\t\t\t<\/div>\n\t\t\t\t<\/div>\n\t\t\t\t\t<\/div>\n\t\t\t\t<\/div>\n\t\t<div class=\"elementor-element elementor-element-e222f14 e-flex e-con-boxed e-con e-child\" data-id=\"e222f14\" data-element_type=\"container\">\n\t\t\t\t\t<div class=\"e-con-inner\">\n\t\t\t\t<div class=\"elementor-element elementor-element-fac1e97 elementor-widget elementor-widget-video\" data-id=\"fac1e97\" data-element_type=\"widget\" data-settings=\"{&quot;video_type&quot;:&quot;hosted&quot;,&quot;controls&quot;:&quot;yes&quot;}\" data-widget_type=\"video.default\">\n\t\t\t\t<div class=\"elementor-widget-container\">\n\t\t\t\t\t\t\t<div class=\"e-hosted-video elementor-wrapper elementor-open-inline\">\n\t\t\t\t\t<video class=\"elementor-video\" src=\"https:\/\/sami.at\/wp-content\/uploads\/2024\/06\/SAMI-AT-PAGE-VIDEO-PANANTUKAN.mp4\" controls=\"\" preload=\"metadata\" controlslist=\"nodownload\"><\/video>\n\t\t\t\t<\/div>\n\t\t\t\t\t\t<\/div>\n\t\t\t\t<\/div>\n\t\t\t\t\t<\/div>\n\t\t\t\t<\/div>\n\t\t\t\t\t<\/div>\n\t\t\t\t<\/div>\n\t\t\t\t<\/div>","protected":false},"excerpt":{"rendered":"<p>\/*! elementor - v3.23.0 - 05-08-2024 *\/ .elementor-heading-title{padding:0;margin:0;line-height:1}.elementor-widget-heading .elementor-heading-title[class*=elementor-size-]&gt;a{color:inherit;font-size:inherit;line-height:inherit}.elementor-widget-heading .elementor-heading-title.elementor-size-small{font-size:15px}.elementor-widget-heading .elementor-heading-title.elementor-size-medium{font-size:19px}.elementor-widget-heading .elementor-heading-title.elementor-size-large{font-size:29px}.elementor-widget-heading .elementor-heading-title.elementor-size-xl{font-size:39px}.elementor-widget-heading .elementor-heading-title.elementor-size-xxl{font-size:59px} SAMI-X FIGHTING ART Panantukan Panantukan nutzt alle Distanzen: Boxen, Kickboxen, Trapping, Infight, Takedown und Grappling. SAMI Panantukan Concept ist ein Kampfsystem ohne Grenzen. Es beinhaltet Techniken wie Schl\u00e4ge mit den F\u00e4usten und den Handfl\u00e4chen, den Unterarmen und den Ellbogen, [...]<\/p>","protected":false},"author":1,"featured_media":0,"parent":0,"menu_order":0,"comment_status":"closed","ping_status":"closed","template":"","meta":{"inline_featured_image":false,"footnotes":""},"class_list":["post-98","page","type-page","status-publish","hentry"],"_links":{"self":[{"href":"https:\/\/panantukan-concept.com\/de\/wp-json\/wp\/v2\/pages\/98","targetHints":{"allow":["GET"]}}],"collection":[{"href":"https:\/\/panantukan-concept.com\/de\/wp-json\/wp\/v2\/pages"}],"about":[{"href":"https:\/\/panantukan-concept.com\/de\/wp-json\/wp\/v2\/types\/page"}],"author":[{"embeddable":true,"href":"https:\/\/panantukan-concept.com\/de\/wp-json\/wp\/v2\/users\/1"}],"replies":[{"embeddable":true,"href":"https:\/\/panantukan-concept.com\/de\/wp-json\/wp\/v2\/comments?post=98"}],"version-history":[{"count":5,"href":"https:\/\/panantukan-concept.com\/de\/wp-json\/wp\/v2\/pages\/98\/revisions"}],"predecessor-version":[{"id":262,"href":"https:\/\/panantukan-concept.com\/de\/wp-json\/wp\/v2\/pages\/98\/revisions\/262"}],"wp:attachment":[{"href":"https:\/\/panantukan-concept.com\/de\/wp-json\/wp\/v2\/media?parent=98"}],"curies":[{"name":"wp","href":"https:\/\/api.w.org\/{rel}","templated":true}]}}